{"id":5941,"date":"2023-11-30T13:11:20","date_gmt":"2023-11-30T18:11:20","guid":{"rendered":"https:\/\/owlpractice.ca\/fr\/?page_id=5941"},"modified":"2023-11-30T13:13:44","modified_gmt":"2023-11-30T18:13:44","slug":"declaration-daccessibilite","status":"publish","type":"page","link":"https:\/\/owlpractice.ca\/fr\/declaration-daccessibilite\/","title":{"rendered":"D\u00e9claration d&rsquo;accessibilit\u00e9"},"content":{"rendered":"\t\t<div data-elementor-type=\"wp-page\" data-elementor-id=\"5941\" class=\"elementor elementor-5941\" data-elementor-post-type=\"page\">\n\t\t\t\t\t\t<section class=\"has_eae_slider elementor-section elementor-top-section elementor-element elementor-element-7d04907c elementor-section-boxed elementor-section-height-default elementor-section-height-default\" data-eae-slider=\"84668\" data-id=\"7d04907c\" data-element_type=\"section\" data-settings=\"{&quot;background_background&quot;:&quot;classic&quot;}\">\n\t\t\t\t\t\t<div class=\"elementor-container elementor-column-gap-default\">\n\t\t\t\t\t<div class=\"has_eae_slider elementor-column elementor-col-100 elementor-top-column elementor-element elementor-element-2fcf31ba\" data-eae-slider=\"73845\" data-id=\"2fcf31ba\" data-element_type=\"column\">\n\t\t\t<div class=\"elementor-widget-wrap elementor-element-populated\">\n\t\t\t\t\t\t<section class=\"has_eae_slider elementor-section elementor-inner-section elementor-element elementor-element-39f90632 elementor-section-boxed elementor-section-height-default elementor-section-height-default\" data-eae-slider=\"65470\" data-id=\"39f90632\" data-element_type=\"section\">\n\t\t\t\t\t\t<div class=\"elementor-container elementor-column-gap-default\">\n\t\t\t\t\t<div class=\"has_eae_slider elementor-column elementor-col-100 elementor-inner-column elementor-element elementor-element-64ca149a\" data-eae-slider=\"90644\" data-id=\"64ca149a\" data-element_type=\"column\">\n\t\t\t<div class=\"elementor-widget-wrap elementor-element-populated\">\n\t\t\t\t\t\t<div class=\"elementor-element elementor-element-73f89db elementor-widget elementor-widget-heading\" data-id=\"73f89db\" data-element_type=\"widget\" data-widget_type=\"heading.default\">\n\t\t\t\t<div class=\"elementor-widget-container\">\n\t\t\t\t\t<h1 class=\"elementor-heading-title elementor-size-default\">Owl Practice Inc. <br>D\u00e9claration d'accessibilit\u00e9<\/h1>\t\t\t\t<\/div>\n\t\t\t\t<\/div>\n\t\t\t\t<div class=\"elementor-element elementor-element-1142d006 elementor-widget elementor-widget-text-editor\" data-id=\"1142d006\" data-element_type=\"widget\" data-widget_type=\"text-editor.default\">\n\t\t\t\t<div class=\"elementor-widget-container\">\n\t\t\t\t\t\t\t\t\t<p><strong>Derni\u00e8re modification<\/strong>: 30 novembre 2023<br \/><strong>Date d&rsquo;entr\u00e9e en vigueur<\/strong>: 30 novembre 2023<\/p>\t\t\t\t\t\t\t\t<\/div>\n\t\t\t\t<\/div>\n\t\t\t\t\t<\/div>\n\t\t<\/div>\n\t\t\t\t\t<\/div>\n\t\t<\/section>\n\t\t\t\t\t<\/div>\n\t\t<\/div>\n\t\t\t\t\t<\/div>\n\t\t<\/section>\n\t\t\t\t<section class=\"has_eae_slider elementor-section elementor-top-section elementor-element elementor-element-d615a6d elementor-section-boxed elementor-section-height-default elementor-section-height-default\" data-eae-slider=\"50516\" data-id=\"d615a6d\" data-element_type=\"section\">\n\t\t\t\t\t\t<div class=\"elementor-container elementor-column-gap-default\">\n\t\t\t\t\t<div class=\"has_eae_slider elementor-column elementor-col-100 elementor-top-column elementor-element elementor-element-86b3078\" data-eae-slider=\"955\" data-id=\"86b3078\" data-element_type=\"column\">\n\t\t\t<div class=\"elementor-widget-wrap elementor-element-populated\">\n\t\t\t\t\t\t<div class=\"elementor-element elementor-element-faa0655 elementor-widget elementor-widget-text-editor\" data-id=\"faa0655\" data-element_type=\"widget\" data-widget_type=\"text-editor.default\">\n\t\t\t\t<div class=\"elementor-widget-container\">\n\t\t\t\t\t\t\t\t\t<h2><span style=\"color: #237396;\">D\u00e9claration d&rsquo;accessibilit\u00e9 pour Owl Practice Inc.<\/span><\/h2><p>Owl Practice s&rsquo;engage \u00e0 garantir l&rsquo;accessibilit\u00e9 num\u00e9rique aux personnes handicap\u00e9es. Nous am\u00e9liorons continuellement l\u2019exp\u00e9rience utilisateur pour chacun et appliquons les normes d\u2019accessibilit\u00e9 pertinentes.<\/p><h2><span style=\"color: #237396;\">Statut de conformit\u00e9<\/span><\/h2><p>Les directives pour l&rsquo;accessibilit\u00e9 du contenu Web (WCAG) d\u00e9finissent les exigences impos\u00e9es aux concepteurs et aux d\u00e9veloppeurs afin d&rsquo;am\u00e9liorer l&rsquo;accessibilit\u00e9 pour les personnes handicap\u00e9es. Il d\u00e9finit trois niveaux de conformit\u00e9 : niveau A, niveau AA et niveau AAA. Le site Web de Owl Practice Inc. est partiellement conforme aux WCAG 2.1 niveau AA. Partiellement conforme signifie que certaines parties du contenu ne sont pas enti\u00e8rement conformes \u00e0 la norme d&rsquo;accessibilit\u00e9.<\/p><h2><span style=\"color: #237396;\">Retour<\/span><\/h2><p>Nous appr\u00e9cions vos commentaires sur l\u2019accessibilit\u00e9 du site Web d\u2019Owl Practice Inc.. Si vous avez des questions ou des commentaires concernant notre accessibilit\u00e9, veuillez contacter notre si\u00e8ge social par courriel \u00e0 <a href=\"mailto:support@owlpractice.ca\">support@owlpractice.ca<\/a> ou \u00e0 l&rsquo;adresse suivante :<\/p><p>Owl Practice Inc.<br \/>345-150 King Street West<br \/>Toronto, ON M5H 1J9<br \/>Canada<\/p><p>Nous essayons de r\u00e9pondre aux commentaires dans les 5 jours ouvrables.<\/p>\t\t\t\t\t\t\t\t<\/div>\n\t\t\t\t<\/div>\n\t\t\t\t\t<\/div>\n\t\t<\/div>\n\t\t\t\t\t<\/div>\n\t\t<\/section>\n\t\t\t\t<section class=\"has_eae_slider elementor-section elementor-top-section elementor-element elementor-element-e577487 elementor-section-boxed elementor-section-height-default elementor-section-height-default\" data-eae-slider=\"2017\" data-id=\"e577487\" data-element_type=\"section\" data-settings=\"{&quot;background_background&quot;:&quot;classic&quot;}\">\n\t\t\t\t\t\t\t<div class=\"elementor-background-overlay\"><\/div>\n\t\t\t\t\t\t\t<div class=\"elementor-container elementor-column-gap-default\">\n\t\t\t\t\t<div class=\"has_eae_slider elementor-column elementor-col-100 elementor-top-column elementor-element elementor-element-43841c8\" data-eae-slider=\"96419\" data-id=\"43841c8\" data-element_type=\"column\">\n\t\t\t<div class=\"elementor-widget-wrap elementor-element-populated\">\n\t\t\t\t\t\t<section class=\"has_eae_slider elementor-section elementor-inner-section elementor-element elementor-element-c4d94cc elementor-section-boxed elementor-section-height-default elementor-section-height-default\" data-eae-slider=\"76985\" data-id=\"c4d94cc\" data-element_type=\"section\">\n\t\t\t\t\t\t<div class=\"elementor-container elementor-column-gap-default\">\n\t\t\t\t\t<div class=\"has_eae_slider elementor-column elementor-col-100 elementor-inner-column elementor-element elementor-element-53e585a\" data-eae-slider=\"70726\" data-id=\"53e585a\" data-element_type=\"column\">\n\t\t\t<div class=\"elementor-widget-wrap elementor-element-populated\">\n\t\t\t\t\t\t<div class=\"elementor-element elementor-element-df0b169 elementor-widget elementor-widget-heading\" data-id=\"df0b169\" data-element_type=\"widget\" data-widget_type=\"heading.default\">\n\t\t\t\t<div class=\"elementor-widget-container\">\n\t\t\t\t\t<h2 class=\"elementor-heading-title elementor-size-default\">Commencez d\u00e8s aujourd'hui<\/h2>\t\t\t\t<\/div>\n\t\t\t\t<\/div>\n\t\t\t\t<div class=\"elementor-element elementor-element-6af7abc elementor-widget elementor-widget-text-editor\" data-id=\"6af7abc\" data-element_type=\"widget\" data-widget_type=\"text-editor.default\">\n\t\t\t\t<div class=\"elementor-widget-container\">\n\t\t\t\t\t\t\t\t\t<p>D\u00e9couvrez comment Chouette peut vous aider \u00e0 gagner du temps dans la gestion de votre cabinet et \u00e0 consacrer plus de temps \u00e0 vos clients.<\/p>\t\t\t\t\t\t\t\t<\/div>\n\t\t\t\t<\/div>\n\t\t\t\t<div class=\"elementor-element elementor-element-a631562 elementor-align-center elementor-mobile-align-justify elementor-widget elementor-widget-global elementor-global-5693 elementor-widget-button\" data-id=\"a631562\" data-element_type=\"widget\" data-widget_type=\"button.default\">\n\t\t\t\t<div class=\"elementor-widget-container\">\n\t\t\t\t\t\t\t\t\t<div class=\"elementor-button-wrapper\">\n\t\t\t\t\t<a class=\"elementor-button elementor-button-link elementor-size-lg\" href=\"\/fr\/demo\/\">\n\t\t\t\t\t\t<span class=\"elementor-button-content-wrapper\">\n\t\t\t\t\t\t\t\t\t<span class=\"elementor-button-text\">R\u00e9server une d\u00e9mo<\/span>\n\t\t\t\t\t<\/span>\n\t\t\t\t\t<\/a>\n\t\t\t\t<\/div>\n\t\t\t\t\t\t\t\t<\/div>\n\t\t\t\t<\/div>\n\t\t\t\t\t<\/div>\n\t\t<\/div>\n\t\t\t\t\t<\/div>\n\t\t<\/section>\n\t\t\t\t\t<\/div>\n\t\t<\/div>\n\t\t\t\t\t<\/div>\n\t\t<\/section>\n\t\t\t\t<\/div>\n\t\t","protected":false},"excerpt":{"rendered":"<p>Owl Practice Inc. D\u00e9claration d&rsquo;accessibilit\u00e9 Derni\u00e8re modification: 30 novembre 2023Date d&rsquo;entr\u00e9e en vigueur: 30 novembre 2023 D\u00e9claration d&rsquo;accessibilit\u00e9 pour Owl Practice Inc. Owl Practice s&rsquo;engage \u00e0 garantir l&rsquo;accessibilit\u00e9 num\u00e9rique aux personnes handicap\u00e9es. Nous am\u00e9liorons continuellement l\u2019exp\u00e9rience utilisateur pour chacun et appliquons les normes d\u2019accessibilit\u00e9 pertinentes. Statut de conformit\u00e9 Les directives pour l&rsquo;accessibilit\u00e9 du contenu Web [&hellip;]<\/p>\n","protected":false},"author":27,"featured_media":0,"parent":0,"menu_order":0,"comment_status":"closed","ping_status":"closed","template":"","meta":{"content-type":"","site-sidebar-layout":"no-sidebar","site-content-layout":"page-builder","ast-site-content-layout":"default","site-content-style":"default","site-sidebar-style":"default","ast-global-header-display":"","ast-banner-title-visibility":"","ast-main-header-display":"","ast-hfb-above-header-display":"","ast-hfb-below-header-display":"","ast-hfb-mobile-header-display":"","site-post-title":"disabled","ast-breadcrumbs-content":"","ast-featured-img":"disabled","footer-sml-layout":"","theme-transparent-header-meta":"","adv-header-id-meta":"","stick-header-meta":"","header-above-stick-meta":"","header-main-stick-meta":"","header-below-stick-meta":"","astra-migrate-meta-layouts":"default","ast-page-background-enabled":"default","ast-page-background-meta":{"desktop":{"background-color":"var(--ast-global-color-4)","background-image":"","background-repeat":"repeat","background-position":"center center","background-size":"auto","background-attachment":"scroll","background-type":"","background-media":"","overlay-type":"","overlay-color":"","overlay-opacity":"","overlay-gradient":""},"tablet":{"background-color":"","background-image":"","background-repeat":"repeat","background-position":"center center","background-size":"auto","background-attachment":"scroll","background-type":"","background-media":"","overlay-type":"","overlay-color":"","overlay-opacity":"","overlay-gradient":""},"mobile":{"background-color":"","background-image":"","background-repeat":"repeat","background-position":"center center","background-size":"auto","background-attachment":"scroll","background-type":"","background-media":"","overlay-type":"","overlay-color":"","overlay-opacity":"","overlay-gradient":""}},"ast-content-background-meta":{"desktop":{"background-color":"var(--ast-global-color-5)","background-image":"","background-repeat":"repeat","background-position":"center center","background-size":"auto","background-attachment":"scroll","background-type":"","background-media":"","overlay-type":"","overlay-color":"","overlay-opacity":"","overlay-gradient":""},"tablet":{"background-color":"var(--ast-global-color-5)","background-image":"","background-repeat":"repeat","background-position":"center center","background-size":"auto","background-attachment":"scroll","background-type":"","background-media":"","overlay-type":"","overlay-color":"","overlay-opacity":"","overlay-gradient":""},"mobile":{"background-color":"var(--ast-global-color-5)","background-image":"","background-repeat":"repeat","background-position":"center center","background-size":"auto","background-attachment":"scroll","background-type":"","background-media":"","overlay-type":"","overlay-color":"","overlay-opacity":"","overlay-gradient":""}},"footnotes":""},"class_list":["post-5941","page","type-page","status-publish","hentry"],"yoast_head":"<!-- This site is optimized with the Yoast SEO plugin v26.4 - https:\/\/yoast.com\/wordpress\/plugins\/seo\/ -->\n<title>D\u00e9claration d&#039;accessibilit\u00e9 - Chouette par Owl Practice<\/title>\n<meta name=\"description\" content=\"L&#039;engagement d&#039;Owl Practice en faveur de l&#039;accessibilit\u00e9 pour tous commence avec ce site et nos efforts pour garantir que toutes les fonctionnalit\u00e9s et tout le contenu sont accessibles \u00e0 tous les utilisateurs. Nos efforts continus en mati\u00e8re d&#039;accessibilit\u00e9 visent \u00e0 nous conformer aux directives pour l&#039;accessibilit\u00e9 du contenu Web (WCAG) version 2.1, crit\u00e8res de niveau AA.\" \/>\n<meta name=\"robots\" content=\"index, follow, max-snippet:-1, max-image-preview:large, max-video-preview:-1\" \/>\n<link rel=\"canonical\" href=\"https:\/\/owlpractice.ca\/fr\/declaration-daccessibilite\/\" \/>\n<meta property=\"og:locale\" content=\"fr_CA\" \/>\n<meta property=\"og:type\" content=\"article\" \/>\n<meta property=\"og:title\" content=\"D\u00e9claration d&#039;accessibilit\u00e9 - Chouette par Owl Practice\" \/>\n<meta property=\"og:description\" content=\"L&#039;engagement d&#039;Owl Practice en faveur de l&#039;accessibilit\u00e9 pour tous commence avec ce site et nos efforts pour garantir que toutes les fonctionnalit\u00e9s et tout le contenu sont accessibles \u00e0 tous les utilisateurs. Nos efforts continus en mati\u00e8re d&#039;accessibilit\u00e9 visent \u00e0 nous conformer aux directives pour l&#039;accessibilit\u00e9 du contenu Web (WCAG) version 2.1, crit\u00e8res de niveau AA.\" \/>\n<meta property=\"og:url\" content=\"https:\/\/owlpractice.ca\/fr\/declaration-daccessibilite\/\" \/>\n<meta property=\"og:site_name\" content=\"Chouette par Owl Practice\" \/>\n<meta property=\"article:modified_time\" content=\"2023-11-30T18:13:44+00:00\" \/>\n<meta name=\"twitter:card\" content=\"summary_large_image\" \/>\n<meta name=\"twitter:label1\" content=\"Estimation du temps de lecture\" \/>\n\t<meta name=\"twitter:data1\" content=\"2 minutes\" \/>\n<script type=\"application\/ld+json\" class=\"yoast-schema-graph\">{\"@context\":\"https:\/\/schema.org\",\"@graph\":[{\"@type\":\"WebPage\",\"@id\":\"https:\/\/owlpractice.ca\/fr\/declaration-daccessibilite\/\",\"url\":\"https:\/\/owlpractice.ca\/fr\/declaration-daccessibilite\/\",\"name\":\"D\u00e9claration d'accessibilit\u00e9 - Chouette par Owl Practice\",\"isPartOf\":{\"@id\":\"https:\/\/owlpractice.ca\/fr\/#website\"},\"datePublished\":\"2023-11-30T18:11:20+00:00\",\"dateModified\":\"2023-11-30T18:13:44+00:00\",\"description\":\"L'engagement d'Owl Practice en faveur de l'accessibilit\u00e9 pour tous commence avec ce site et nos efforts pour garantir que toutes les fonctionnalit\u00e9s et tout le contenu sont accessibles \u00e0 tous les utilisateurs. Nos efforts continus en mati\u00e8re d'accessibilit\u00e9 visent \u00e0 nous conformer aux directives pour l'accessibilit\u00e9 du contenu Web (WCAG) version 2.1, crit\u00e8res de niveau AA.\",\"breadcrumb\":{\"@id\":\"https:\/\/owlpractice.ca\/fr\/declaration-daccessibilite\/#breadcrumb\"},\"inLanguage\":\"fr-CA\",\"potentialAction\":[{\"@type\":\"ReadAction\",\"target\":[\"https:\/\/owlpractice.ca\/fr\/declaration-daccessibilite\/\"]}]},{\"@type\":\"BreadcrumbList\",\"@id\":\"https:\/\/owlpractice.ca\/fr\/declaration-daccessibilite\/#breadcrumb\",\"itemListElement\":[{\"@type\":\"ListItem\",\"position\":1,\"name\":\"Home\",\"item\":\"https:\/\/owlpractice.ca\/fr\/\"},{\"@type\":\"ListItem\",\"position\":2,\"name\":\"D\u00e9claration d&rsquo;accessibilit\u00e9\"}]},{\"@type\":\"WebSite\",\"@id\":\"https:\/\/owlpractice.ca\/fr\/#website\",\"url\":\"https:\/\/owlpractice.ca\/fr\/\",\"name\":\"Chouette par Owl Practice\",\"description\":\"Chouette vous aidera \u00e0 g\u00e9rer et croitre votre pratique, ainsi qu\u2019\u00e0 offrir la t\u00e9l\u00e9th\u00e9rapie.\",\"publisher\":{\"@id\":\"https:\/\/owlpractice.ca\/fr\/#organization\"},\"potentialAction\":[{\"@type\":\"SearchAction\",\"target\":{\"@type\":\"EntryPoint\",\"urlTemplate\":\"https:\/\/owlpractice.ca\/fr\/?s={search_term_string}\"},\"query-input\":{\"@type\":\"PropertyValueSpecification\",\"valueRequired\":true,\"valueName\":\"search_term_string\"}}],\"inLanguage\":\"fr-CA\"},{\"@type\":\"Organization\",\"@id\":\"https:\/\/owlpractice.ca\/fr\/#organization\",\"name\":\"Chouette par Owl Practice\",\"url\":\"https:\/\/owlpractice.ca\/fr\/\",\"logo\":{\"@type\":\"ImageObject\",\"inLanguage\":\"fr-CA\",\"@id\":\"https:\/\/owlpractice.ca\/fr\/#\/schema\/logo\/image\/\",\"url\":\"https:\/\/owlpractice.ca\/fr\/wp-content\/uploads\/sites\/2\/2023\/04\/chouette_logo.png\",\"contentUrl\":\"https:\/\/owlpractice.ca\/fr\/wp-content\/uploads\/sites\/2\/2023\/04\/chouette_logo.png\",\"width\":1424,\"height\":360,\"caption\":\"Chouette par Owl Practice\"},\"image\":{\"@id\":\"https:\/\/owlpractice.ca\/fr\/#\/schema\/logo\/image\/\"}}]}<\/script>\n<!-- \/ Yoast SEO plugin. -->","yoast_head_json":{"title":"D\u00e9claration d'accessibilit\u00e9 - Chouette par Owl Practice","description":"L'engagement d'Owl Practice en faveur de l'accessibilit\u00e9 pour tous commence avec ce site et nos efforts pour garantir que toutes les fonctionnalit\u00e9s et tout le contenu sont accessibles \u00e0 tous les utilisateurs. Nos efforts continus en mati\u00e8re d'accessibilit\u00e9 visent \u00e0 nous conformer aux directives pour l'accessibilit\u00e9 du contenu Web (WCAG) version 2.1, crit\u00e8res de niveau AA.","robots":{"index":"index","follow":"follow","max-snippet":"max-snippet:-1","max-image-preview":"max-image-preview:large","max-video-preview":"max-video-preview:-1"},"canonical":"https:\/\/owlpractice.ca\/fr\/declaration-daccessibilite\/","og_locale":"fr_CA","og_type":"article","og_title":"D\u00e9claration d'accessibilit\u00e9 - Chouette par Owl Practice","og_description":"L'engagement d'Owl Practice en faveur de l'accessibilit\u00e9 pour tous commence avec ce site et nos efforts pour garantir que toutes les fonctionnalit\u00e9s et tout le contenu sont accessibles \u00e0 tous les utilisateurs. Nos efforts continus en mati\u00e8re d'accessibilit\u00e9 visent \u00e0 nous conformer aux directives pour l'accessibilit\u00e9 du contenu Web (WCAG) version 2.1, crit\u00e8res de niveau AA.","og_url":"https:\/\/owlpractice.ca\/fr\/declaration-daccessibilite\/","og_site_name":"Chouette par Owl Practice","article_modified_time":"2023-11-30T18:13:44+00:00","twitter_card":"summary_large_image","twitter_misc":{"Estimation du temps de lecture":"2 minutes"},"schema":{"@context":"https:\/\/schema.org","@graph":[{"@type":"WebPage","@id":"https:\/\/owlpractice.ca\/fr\/declaration-daccessibilite\/","url":"https:\/\/owlpractice.ca\/fr\/declaration-daccessibilite\/","name":"D\u00e9claration d'accessibilit\u00e9 - Chouette par Owl Practice","isPartOf":{"@id":"https:\/\/owlpractice.ca\/fr\/#website"},"datePublished":"2023-11-30T18:11:20+00:00","dateModified":"2023-11-30T18:13:44+00:00","description":"L'engagement d'Owl Practice en faveur de l'accessibilit\u00e9 pour tous commence avec ce site et nos efforts pour garantir que toutes les fonctionnalit\u00e9s et tout le contenu sont accessibles \u00e0 tous les utilisateurs. Nos efforts continus en mati\u00e8re d'accessibilit\u00e9 visent \u00e0 nous conformer aux directives pour l'accessibilit\u00e9 du contenu Web (WCAG) version 2.1, crit\u00e8res de niveau AA.","breadcrumb":{"@id":"https:\/\/owlpractice.ca\/fr\/declaration-daccessibilite\/#breadcrumb"},"inLanguage":"fr-CA","potentialAction":[{"@type":"ReadAction","target":["https:\/\/owlpractice.ca\/fr\/declaration-daccessibilite\/"]}]},{"@type":"BreadcrumbList","@id":"https:\/\/owlpractice.ca\/fr\/declaration-daccessibilite\/#breadcrumb","itemListElement":[{"@type":"ListItem","position":1,"name":"Home","item":"https:\/\/owlpractice.ca\/fr\/"},{"@type":"ListItem","position":2,"name":"D\u00e9claration d&rsquo;accessibilit\u00e9"}]},{"@type":"WebSite","@id":"https:\/\/owlpractice.ca\/fr\/#website","url":"https:\/\/owlpractice.ca\/fr\/","name":"Chouette par Owl Practice","description":"Chouette vous aidera \u00e0 g\u00e9rer et croitre votre pratique, ainsi qu\u2019\u00e0 offrir la t\u00e9l\u00e9th\u00e9rapie.","publisher":{"@id":"https:\/\/owlpractice.ca\/fr\/#organization"},"potentialAction":[{"@type":"SearchAction","target":{"@type":"EntryPoint","urlTemplate":"https:\/\/owlpractice.ca\/fr\/?s={search_term_string}"},"query-input":{"@type":"PropertyValueSpecification","valueRequired":true,"valueName":"search_term_string"}}],"inLanguage":"fr-CA"},{"@type":"Organization","@id":"https:\/\/owlpractice.ca\/fr\/#organization","name":"Chouette par Owl Practice","url":"https:\/\/owlpractice.ca\/fr\/","logo":{"@type":"ImageObject","inLanguage":"fr-CA","@id":"https:\/\/owlpractice.ca\/fr\/#\/schema\/logo\/image\/","url":"https:\/\/owlpractice.ca\/fr\/wp-content\/uploads\/sites\/2\/2023\/04\/chouette_logo.png","contentUrl":"https:\/\/owlpractice.ca\/fr\/wp-content\/uploads\/sites\/2\/2023\/04\/chouette_logo.png","width":1424,"height":360,"caption":"Chouette par Owl Practice"},"image":{"@id":"https:\/\/owlpractice.ca\/fr\/#\/schema\/logo\/image\/"}}]}},"_links":{"self":[{"href":"https:\/\/owlpractice.ca\/fr\/wp-json\/wp\/v2\/pages\/5941","targetHints":{"allow":["GET"]}}],"collection":[{"href":"https:\/\/owlpractice.ca\/fr\/wp-json\/wp\/v2\/pages"}],"about":[{"href":"https:\/\/owlpractice.ca\/fr\/wp-json\/wp\/v2\/types\/page"}],"author":[{"embeddable":true,"href":"https:\/\/owlpractice.ca\/fr\/wp-json\/wp\/v2\/users\/27"}],"replies":[{"embeddable":true,"href":"https:\/\/owlpractice.ca\/fr\/wp-json\/wp\/v2\/comments?post=5941"}],"version-history":[{"count":0,"href":"https:\/\/owlpractice.ca\/fr\/wp-json\/wp\/v2\/pages\/5941\/revisions"}],"wp:attachment":[{"href":"https:\/\/owlpractice.ca\/fr\/wp-json\/wp\/v2\/media?parent=5941"}],"curies":[{"name":"wp","href":"https:\/\/api.w.org\/{rel}","templated":true}]}}