{"id":4807,"date":"2022-03-22T17:12:53","date_gmt":"2022-03-22T17:12:53","guid":{"rendered":"https:\/\/owlpractice.ca\/?page_id=4807"},"modified":"2022-03-22T17:12:53","modified_gmt":"2022-03-22T17:12:53","slug":"partners-cacbt","status":"publish","type":"page","link":"https:\/\/owlpractice.ca\/fr\/partners-cacbt\/","title":{"rendered":"CACBT"},"content":{"rendered":"\t\t<div data-elementor-type=\"wp-page\" data-elementor-id=\"4807\" class=\"elementor elementor-4807\" data-elementor-post-type=\"page\">\n\t\t\t\t\t\t<section class=\"has_eae_slider elementor-section elementor-top-section elementor-element elementor-element-308bd860 elementor-section-boxed elementor-section-height-default elementor-section-height-default\" data-eae-slider=\"19506\" data-id=\"308bd860\" data-element_type=\"section\" data-settings=\"{&quot;background_background&quot;:&quot;classic&quot;}\">\n\t\t\t\t\t\t<div class=\"elementor-container elementor-column-gap-default\">\n\t\t\t\t\t<div class=\"has_eae_slider elementor-column elementor-col-100 elementor-top-column elementor-element elementor-element-444d7e21\" data-eae-slider=\"5297\" data-id=\"444d7e21\" data-element_type=\"column\">\n\t\t\t<div class=\"elementor-widget-wrap elementor-element-populated\">\n\t\t\t\t\t\t<section class=\"has_eae_slider elementor-section elementor-inner-section elementor-element elementor-element-70603fe7 elementor-section-boxed elementor-section-height-default elementor-section-height-default\" data-eae-slider=\"8398\" data-id=\"70603fe7\" data-element_type=\"section\">\n\t\t\t\t\t\t<div class=\"elementor-container elementor-column-gap-default\">\n\t\t\t\t\t<div class=\"has_eae_slider elementor-column elementor-col-100 elementor-inner-column elementor-element elementor-element-3e6d5fea\" data-eae-slider=\"47524\" data-id=\"3e6d5fea\" data-element_type=\"column\">\n\t\t\t<div class=\"elementor-widget-wrap elementor-element-populated\">\n\t\t\t\t\t\t<div class=\"elementor-element elementor-element-61e27a9b elementor-widget elementor-widget-heading\" data-id=\"61e27a9b\" data-element_type=\"widget\" data-widget_type=\"heading.default\">\n\t\t\t\t<div class=\"elementor-widget-container\">\n\t\t\t\t\t<h1 class=\"elementor-heading-title elementor-size-default\">Owl Practice Announces Official Partnership with The Canadian Association of Cognitive and Behavioural Therapies (CACBT-ACTCC)<\/h1>\t\t\t\t<\/div>\n\t\t\t\t<\/div>\n\t\t\t\t\t<\/div>\n\t\t<\/div>\n\t\t\t\t\t<\/div>\n\t\t<\/section>\n\t\t\t\t\t<\/div>\n\t\t<\/div>\n\t\t\t\t\t<\/div>\n\t\t<\/section>\n\t\t\t\t<section class=\"has_eae_slider elementor-section elementor-top-section elementor-element elementor-element-7f4c1bfa elementor-section-boxed elementor-section-height-default elementor-section-height-default\" data-eae-slider=\"73798\" data-id=\"7f4c1bfa\" data-element_type=\"section\">\n\t\t\t\t\t\t<div class=\"elementor-container elementor-column-gap-default\">\n\t\t\t\t\t<div class=\"has_eae_slider elementor-column elementor-col-100 elementor-top-column elementor-element elementor-element-62ac1098\" data-eae-slider=\"77793\" data-id=\"62ac1098\" data-element_type=\"column\">\n\t\t\t<div class=\"elementor-widget-wrap elementor-element-populated\">\n\t\t\t\t\t\t<div class=\"elementor-element elementor-element-168402f2 elementor-widget elementor-widget-image\" data-id=\"168402f2\" data-element_type=\"widget\" data-widget_type=\"image.default\">\n\t\t\t\t<div class=\"elementor-widget-container\">\n\t\t\t\t\t\t\t\t\t\t\t\t\t\t\t<img decoding=\"async\" src=\"https:\/\/owlpractice.ca\/wp-content\/uploads\/2022\/03\/cacbt-logo.png\" title=\"\" alt=\"\" loading=\"lazy\" \/>\t\t\t\t\t\t\t\t\t\t\t\t\t\t\t<\/div>\n\t\t\t\t<\/div>\n\t\t\t\t<div class=\"elementor-element elementor-element-7eb30ff9 elementor-widget elementor-widget-spacer\" data-id=\"7eb30ff9\" data-element_type=\"widget\" data-widget_type=\"spacer.default\">\n\t\t\t\t<div class=\"elementor-widget-container\">\n\t\t\t\t\t\t\t<div class=\"elementor-spacer\">\n\t\t\t<div class=\"elementor-spacer-inner\"><\/div>\n\t\t<\/div>\n\t\t\t\t\t\t<\/div>\n\t\t\t\t<\/div>\n\t\t\t\t<div class=\"elementor-element elementor-element-13eebde0 elementor-widget elementor-widget-text-editor\" data-id=\"13eebde0\" data-element_type=\"widget\" data-widget_type=\"text-editor.default\">\n\t\t\t\t<div class=\"elementor-widget-container\">\n\t\t\t\t\t\t\t\t\t<p>We are very proud to announce that Owl Practice is partnering with The Canadian Association of Cognitive and Behavioural Therapies (CACBT-ACTCC), Canada\u2019s leading professional association for cognitive behaviour therapy (CBT).<\/p><p>\u201cCACBT-ACTCC is pleased to be a preferred partner with Owl Practice\u201d says Dr. Karen Rowa, President of CACBT. \u201cThis partnership and the digital solutions offered by Owl will benefit our members who are CBT practitioners across Canada. We look forward to an ongoing collaboration.\u201d<\/p><p>\u201cWe\u2019re very excited about the partnership with CACBT-ACTCC,\u201d says Andrew Sloss, Owl\u2019s founder and CEO. \u201cOur mission at Owl is to enable mental wellness through therapists, and this partnership with CACBT-ACTCC and its members will help accelerate this ambition. Together we can build the future of mental health management and clinical care in Canada.\u00a0\u00bb<\/p><p>Owl works with thousands of therapists to help them manage their practices more efficiently, and engage with their clients in new and innovative ways clinically. Owl works with the leading academic institutions across the country in helping them serve and train the next generation of mental health clinicians. Also, Owl&rsquo;s service <span style=\"text-decoration: underline;\"><a href=\"https:\/\/therapyowl.ca\/\">TherapyOwl<\/a><\/span> is the largest and fastest growing platform to advertise your services to new clients, and it\u2019s free!<\/p>\t\t\t\t\t\t\t\t<\/div>\n\t\t\t\t<\/div>\n\t\t\t\t<div class=\"elementor-element elementor-element-5cdf75d0 elementor-widget elementor-widget-heading\" data-id=\"5cdf75d0\" data-element_type=\"widget\" data-widget_type=\"heading.default\">\n\t\t\t\t<div class=\"elementor-widget-container\">\n\t\t\t\t\t<h3 class=\"elementor-heading-title elementor-size-default\">About The Canadian Association of Cognitive and Behavioural Therapies<\/h3>\t\t\t\t<\/div>\n\t\t\t\t<\/div>\n\t\t\t\t<div class=\"elementor-element elementor-element-65c6255b elementor-widget elementor-widget-text-editor\" data-id=\"65c6255b\" data-element_type=\"widget\" data-widget_type=\"text-editor.default\">\n\t\t\t\t<div class=\"elementor-widget-container\">\n\t\t\t\t\t\t\t\t\t<p>The CACBT-ACTCC is a national organization developed by a group of Canadian mental health practitioners involved in the practice and theory of cognitive behaviour therapy (CBT). As the importance of cognitive and behavioural therapies in treatment of a wide range of mental health conditions has been established, the Association has focused on training, advancement of knowledge, advocacy and accreditation in CBT.<\/p><p>To learn more about the CACBT-ACTCC, please visit: <span style=\"text-decoration: underline;\"><a href=\"https:\/\/cacbt.ca\/\">www.cacbt.ca<\/a><\/span><\/p>\t\t\t\t\t\t\t\t<\/div>\n\t\t\t\t<\/div>\n\t\t\t\t\t<\/div>\n\t\t<\/div>\n\t\t\t\t\t<\/div>\n\t\t<\/section>\n\t\t\t\t<section class=\"has_eae_slider elementor-section elementor-top-section elementor-element elementor-element-22da7f70 elementor-section-boxed elementor-section-height-default elementor-section-height-default\" data-eae-slider=\"28603\" data-id=\"22da7f70\" data-element_type=\"section\" data-settings=\"{&quot;background_background&quot;:&quot;classic&quot;}\">\n\t\t\t\t\t\t\t<div class=\"elementor-background-overlay\"><\/div>\n\t\t\t\t\t\t\t<div class=\"elementor-container elementor-column-gap-default\">\n\t\t\t\t\t<div class=\"has_eae_slider elementor-column elementor-col-100 elementor-top-column elementor-element elementor-element-53bf27a6\" data-eae-slider=\"98978\" data-id=\"53bf27a6\" data-element_type=\"column\">\n\t\t\t<div class=\"elementor-widget-wrap elementor-element-populated\">\n\t\t\t\t\t\t<section class=\"has_eae_slider elementor-section elementor-inner-section elementor-element elementor-element-23b894ee elementor-section-boxed elementor-section-height-default elementor-section-height-default\" data-eae-slider=\"42710\" data-id=\"23b894ee\" data-element_type=\"section\">\n\t\t\t\t\t\t<div class=\"elementor-container elementor-column-gap-default\">\n\t\t\t\t\t<div class=\"has_eae_slider elementor-column elementor-col-100 elementor-inner-column elementor-element elementor-element-48b626cf\" data-eae-slider=\"17465\" data-id=\"48b626cf\" data-element_type=\"column\">\n\t\t\t<div class=\"elementor-widget-wrap elementor-element-populated\">\n\t\t\t\t\t\t<div class=\"elementor-element elementor-element-130cfbe7 elementor-widget elementor-widget-heading\" data-id=\"130cfbe7\" data-element_type=\"widget\" data-widget_type=\"heading.default\">\n\t\t\t\t<div class=\"elementor-widget-container\">\n\t\t\t\t\t<h2 class=\"elementor-heading-title elementor-size-default\">Try Owl free for 14 days<\/h2>\t\t\t\t<\/div>\n\t\t\t\t<\/div>\n\t\t\t\t<div class=\"elementor-element elementor-element-72e378a0 elementor-widget elementor-widget-text-editor\" data-id=\"72e378a0\" data-element_type=\"widget\" data-widget_type=\"text-editor.default\">\n\t\t\t\t<div class=\"elementor-widget-container\">\n\t\t\t\t\t\t\t\t\tStart your trial. Invite your team. Join the thousands of care professionals using Owl to run their practice every day.\t\t\t\t\t\t\t\t<\/div>\n\t\t\t\t<\/div>\n\t\t\t\t<div class=\"elementor-element elementor-element-74b2989b elementor-align-center elementor-widget elementor-widget-button\" data-id=\"74b2989b\" data-element_type=\"widget\" data-widget_type=\"button.default\">\n\t\t\t\t<div class=\"elementor-widget-container\">\n\t\t\t\t\t\t\t\t\t<div class=\"elementor-button-wrapper\">\n\t\t\t\t\t<a class=\"elementor-button elementor-button-link elementor-size-lg\" href=\"\/demo\/\">\n\t\t\t\t\t\t<span class=\"elementor-button-content-wrapper\">\n\t\t\t\t\t\t\t\t\t<span class=\"elementor-button-text\">Book a Demo<\/span>\n\t\t\t\t\t<\/span>\n\t\t\t\t\t<\/a>\n\t\t\t\t<\/div>\n\t\t\t\t\t\t\t\t<\/div>\n\t\t\t\t<\/div>\n\t\t\t\t\t<\/div>\n\t\t<\/div>\n\t\t\t\t\t<\/div>\n\t\t<\/section>\n\t\t\t\t\t<\/div>\n\t\t<\/div>\n\t\t\t\t\t<\/div>\n\t\t<\/section>\n\t\t\t\t<\/div>\n\t\t","protected":false},"excerpt":{"rendered":"<p>\/*! elementor &#8211; v3.5.4 &#8211; 23-01-2022 *\/ .elementor-heading-title{padding:0;margin:0;line-height:1}.elementor-widget-heading .elementor-heading-title[class*=elementor-size-]&gt;a{color:inherit;font-size:inherit;line-height:inherit}.elementor-widget-heading .elementor-heading-title.elementor-size-small{font-size:15px}.elementor-widget-heading .elementor-heading-title.elementor-size-medium{font-size:19px}.elementor-widget-heading .elementor-heading-title.elementor-size-large{font-size:29px}.elementor-widget-heading .elementor-heading-title.elementor-size-xl{font-size:39px}.elementor-widget-heading .elementor-heading-title.elementor-size-xxl{font-size:59px} Owl Practice Announces Official Partnership with The Canadian Association of Cognitive and Behavioural Therapies (CACBT-ACTCC) \/*! elementor &#8211; v3.5.4 &#8211; 23-01-2022 *\/ .elementor-widget-image{text-align:center}.elementor-widget-image a{display:inline-block}.elementor-widget-image a img[src$=\u00a0\u00bb.svg\u00a0\u00bb]{width:48px}.elementor-widget-image img{vertical-align:middle;display:inline-block} We are very proud to announce that Owl Practice is partnering with The Canadian [&hellip;]<\/p>\n","protected":false},"author":8,"featured_media":0,"parent":0,"menu_order":0,"comment_status":"closed","ping_status":"closed","template":"","meta":{"content-type":"","site-sidebar-layout":"no-sidebar","site-content-layout":"page-builder","ast-site-content-layout":"default","site-content-style":"default","site-sidebar-style":"default","ast-global-header-display":"","ast-banner-title-visibility":"","ast-main-header-display":"","ast-hfb-above-header-display":"","ast-hfb-below-header-display":"","ast-hfb-mobile-header-display":"","site-post-title":"disabled","ast-breadcrumbs-content":"","ast-featured-img":"disabled","footer-sml-layout":"","theme-transparent-header-meta":"","adv-header-id-meta":"","stick-header-meta":"","header-above-stick-meta":"","header-main-stick-meta":"","header-below-stick-meta":"","astra-migrate-meta-layouts":"default","ast-page-background-enabled":"default","ast-page-background-meta":{"desktop":{"background-color":"var(--ast-global-color-4)","background-image":"","background-repeat":"repeat","background-position":"center center","background-size":"auto","background-attachment":"scroll","background-type":"","background-media":"","overlay-type":"","overlay-color":"","overlay-opacity":"","overlay-gradient":""},"tablet":{"background-color":"","background-image":"","background-repeat":"repeat","background-position":"center center","background-size":"auto","background-attachment":"scroll","background-type":"","background-media":"","overlay-type":"","overlay-color":"","overlay-opacity":"","overlay-gradient":""},"mobile":{"background-color":"","background-image":"","background-repeat":"repeat","background-position":"center center","background-size":"auto","background-attachment":"scroll","background-type":"","background-media":"","overlay-type":"","overlay-color":"","overlay-opacity":"","overlay-gradient":""}},"ast-content-background-meta":{"desktop":{"background-color":"var(--ast-global-color-5)","background-image":"","background-repeat":"repeat","background-position":"center center","background-size":"auto","background-attachment":"scroll","background-type":"","background-media":"","overlay-type":"","overlay-color":"","overlay-opacity":"","overlay-gradient":""},"tablet":{"background-color":"var(--ast-global-color-5)","background-image":"","background-repeat":"repeat","background-position":"center center","background-size":"auto","background-attachment":"scroll","background-type":"","background-media":"","overlay-type":"","overlay-color":"","overlay-opacity":"","overlay-gradient":""},"mobile":{"background-color":"var(--ast-global-color-5)","background-image":"","background-repeat":"repeat","background-position":"center center","background-size":"auto","background-attachment":"scroll","background-type":"","background-media":"","overlay-type":"","overlay-color":"","overlay-opacity":"","overlay-gradient":""}},"footnotes":""},"class_list":["post-4807","page","type-page","status-publish","hentry"],"yoast_head":"<!-- This site is optimized with the Yoast SEO plugin v26.4 - https:\/\/yoast.com\/wordpress\/plugins\/seo\/ -->\n<title>CACBT - Chouette par Owl Practice<\/title>\n<meta name=\"robots\" content=\"index, follow, max-snippet:-1, max-image-preview:large, max-video-preview:-1\" \/>\n<link rel=\"canonical\" href=\"https:\/\/owlpractice.ca\/fr\/partners-cacbt\/\" \/>\n<meta property=\"og:locale\" content=\"fr_CA\" \/>\n<meta property=\"og:type\" content=\"article\" \/>\n<meta property=\"og:title\" content=\"CACBT - Chouette par Owl Practice\" \/>\n<meta property=\"og:description\" content=\"\/*! elementor &#8211; v3.5.4 &#8211; 23-01-2022 *\/ .elementor-heading-title{padding:0;margin:0;line-height:1}.elementor-widget-heading .elementor-heading-title[class*=elementor-size-]&gt;a{color:inherit;font-size:inherit;line-height:inherit}.elementor-widget-heading .elementor-heading-title.elementor-size-small{font-size:15px}.elementor-widget-heading .elementor-heading-title.elementor-size-medium{font-size:19px}.elementor-widget-heading .elementor-heading-title.elementor-size-large{font-size:29px}.elementor-widget-heading .elementor-heading-title.elementor-size-xl{font-size:39px}.elementor-widget-heading .elementor-heading-title.elementor-size-xxl{font-size:59px} Owl Practice Announces Official Partnership with The Canadian Association of Cognitive and Behavioural Therapies (CACBT-ACTCC) \/*! elementor &#8211; v3.5.4 &#8211; 23-01-2022 *\/ .elementor-widget-image{text-align:center}.elementor-widget-image a{display:inline-block}.elementor-widget-image a img[src$=\u00a0\u00bb.svg\u00a0\u00bb]{width:48px}.elementor-widget-image img{vertical-align:middle;display:inline-block} We are very proud to announce that Owl Practice is partnering with The Canadian [&hellip;]\" \/>\n<meta property=\"og:url\" content=\"https:\/\/owlpractice.ca\/fr\/partners-cacbt\/\" \/>\n<meta property=\"og:site_name\" content=\"Chouette par Owl Practice\" \/>\n<meta property=\"og:image\" content=\"https:\/\/owlpractice.ca\/wp-content\/uploads\/2022\/03\/cacbt-logo.png\" \/>\n<meta name=\"twitter:card\" content=\"summary_large_image\" \/>\n<script type=\"application\/ld+json\" class=\"yoast-schema-graph\">{\"@context\":\"https:\/\/schema.org\",\"@graph\":[{\"@type\":\"WebPage\",\"@id\":\"https:\/\/owlpractice.ca\/fr\/partners-cacbt\/\",\"url\":\"https:\/\/owlpractice.ca\/fr\/partners-cacbt\/\",\"name\":\"CACBT - Chouette par Owl Practice\",\"isPartOf\":{\"@id\":\"https:\/\/owlpractice.ca\/fr\/#website\"},\"primaryImageOfPage\":{\"@id\":\"https:\/\/owlpractice.ca\/fr\/partners-cacbt\/#primaryimage\"},\"image\":{\"@id\":\"https:\/\/owlpractice.ca\/fr\/partners-cacbt\/#primaryimage\"},\"thumbnailUrl\":\"https:\/\/owlpractice.ca\/wp-content\/uploads\/2022\/03\/cacbt-logo.png\",\"datePublished\":\"2022-03-22T17:12:53+00:00\",\"breadcrumb\":{\"@id\":\"https:\/\/owlpractice.ca\/fr\/partners-cacbt\/#breadcrumb\"},\"inLanguage\":\"fr-CA\",\"potentialAction\":[{\"@type\":\"ReadAction\",\"target\":[\"https:\/\/owlpractice.ca\/fr\/partners-cacbt\/\"]}]},{\"@type\":\"ImageObject\",\"inLanguage\":\"fr-CA\",\"@id\":\"https:\/\/owlpractice.ca\/fr\/partners-cacbt\/#primaryimage\",\"url\":\"https:\/\/owlpractice.ca\/wp-content\/uploads\/2022\/03\/cacbt-logo.png\",\"contentUrl\":\"https:\/\/owlpractice.ca\/wp-content\/uploads\/2022\/03\/cacbt-logo.png\"},{\"@type\":\"BreadcrumbList\",\"@id\":\"https:\/\/owlpractice.ca\/fr\/partners-cacbt\/#breadcrumb\",\"itemListElement\":[{\"@type\":\"ListItem\",\"position\":1,\"name\":\"Home\",\"item\":\"https:\/\/owlpractice.ca\/fr\/\"},{\"@type\":\"ListItem\",\"position\":2,\"name\":\"CACBT\"}]},{\"@type\":\"WebSite\",\"@id\":\"https:\/\/owlpractice.ca\/fr\/#website\",\"url\":\"https:\/\/owlpractice.ca\/fr\/\",\"name\":\"Chouette par Owl Practice\",\"description\":\"Chouette vous aidera \u00e0 g\u00e9rer et croitre votre pratique, ainsi qu\u2019\u00e0 offrir la t\u00e9l\u00e9th\u00e9rapie.\",\"publisher\":{\"@id\":\"https:\/\/owlpractice.ca\/fr\/#organization\"},\"potentialAction\":[{\"@type\":\"SearchAction\",\"target\":{\"@type\":\"EntryPoint\",\"urlTemplate\":\"https:\/\/owlpractice.ca\/fr\/?s={search_term_string}\"},\"query-input\":{\"@type\":\"PropertyValueSpecification\",\"valueRequired\":true,\"valueName\":\"search_term_string\"}}],\"inLanguage\":\"fr-CA\"},{\"@type\":\"Organization\",\"@id\":\"https:\/\/owlpractice.ca\/fr\/#organization\",\"name\":\"Chouette par Owl Practice\",\"url\":\"https:\/\/owlpractice.ca\/fr\/\",\"logo\":{\"@type\":\"ImageObject\",\"inLanguage\":\"fr-CA\",\"@id\":\"https:\/\/owlpractice.ca\/fr\/#\/schema\/logo\/image\/\",\"url\":\"https:\/\/owlpractice.ca\/fr\/wp-content\/uploads\/sites\/2\/2023\/04\/chouette_logo.png\",\"contentUrl\":\"https:\/\/owlpractice.ca\/fr\/wp-content\/uploads\/sites\/2\/2023\/04\/chouette_logo.png\",\"width\":1424,\"height\":360,\"caption\":\"Chouette par Owl Practice\"},\"image\":{\"@id\":\"https:\/\/owlpractice.ca\/fr\/#\/schema\/logo\/image\/\"}}]}<\/script>\n<!-- \/ Yoast SEO plugin. -->","yoast_head_json":{"title":"CACBT - Chouette par Owl Practice","robots":{"index":"index","follow":"follow","max-snippet":"max-snippet:-1","max-image-preview":"max-image-preview:large","max-video-preview":"max-video-preview:-1"},"canonical":"https:\/\/owlpractice.ca\/fr\/partners-cacbt\/","og_locale":"fr_CA","og_type":"article","og_title":"CACBT - Chouette par Owl Practice","og_description":"\/*! elementor &#8211; v3.5.4 &#8211; 23-01-2022 *\/ .elementor-heading-title{padding:0;margin:0;line-height:1}.elementor-widget-heading .elementor-heading-title[class*=elementor-size-]&gt;a{color:inherit;font-size:inherit;line-height:inherit}.elementor-widget-heading .elementor-heading-title.elementor-size-small{font-size:15px}.elementor-widget-heading .elementor-heading-title.elementor-size-medium{font-size:19px}.elementor-widget-heading .elementor-heading-title.elementor-size-large{font-size:29px}.elementor-widget-heading .elementor-heading-title.elementor-size-xl{font-size:39px}.elementor-widget-heading .elementor-heading-title.elementor-size-xxl{font-size:59px} Owl Practice Announces Official Partnership with The Canadian Association of Cognitive and Behavioural Therapies (CACBT-ACTCC) \/*! elementor &#8211; v3.5.4 &#8211; 23-01-2022 *\/ .elementor-widget-image{text-align:center}.elementor-widget-image a{display:inline-block}.elementor-widget-image a img[src$=\u00a0\u00bb.svg\u00a0\u00bb]{width:48px}.elementor-widget-image img{vertical-align:middle;display:inline-block} We are very proud to announce that Owl Practice is partnering with The Canadian [&hellip;]","og_url":"https:\/\/owlpractice.ca\/fr\/partners-cacbt\/","og_site_name":"Chouette par Owl Practice","og_image":[{"url":"https:\/\/owlpractice.ca\/wp-content\/uploads\/2022\/03\/cacbt-logo.png","type":"","width":"","height":""}],"twitter_card":"summary_large_image","schema":{"@context":"https:\/\/schema.org","@graph":[{"@type":"WebPage","@id":"https:\/\/owlpractice.ca\/fr\/partners-cacbt\/","url":"https:\/\/owlpractice.ca\/fr\/partners-cacbt\/","name":"CACBT - Chouette par Owl Practice","isPartOf":{"@id":"https:\/\/owlpractice.ca\/fr\/#website"},"primaryImageOfPage":{"@id":"https:\/\/owlpractice.ca\/fr\/partners-cacbt\/#primaryimage"},"image":{"@id":"https:\/\/owlpractice.ca\/fr\/partners-cacbt\/#primaryimage"},"thumbnailUrl":"https:\/\/owlpractice.ca\/wp-content\/uploads\/2022\/03\/cacbt-logo.png","datePublished":"2022-03-22T17:12:53+00:00","breadcrumb":{"@id":"https:\/\/owlpractice.ca\/fr\/partners-cacbt\/#breadcrumb"},"inLanguage":"fr-CA","potentialAction":[{"@type":"ReadAction","target":["https:\/\/owlpractice.ca\/fr\/partners-cacbt\/"]}]},{"@type":"ImageObject","inLanguage":"fr-CA","@id":"https:\/\/owlpractice.ca\/fr\/partners-cacbt\/#primaryimage","url":"https:\/\/owlpractice.ca\/wp-content\/uploads\/2022\/03\/cacbt-logo.png","contentUrl":"https:\/\/owlpractice.ca\/wp-content\/uploads\/2022\/03\/cacbt-logo.png"},{"@type":"BreadcrumbList","@id":"https:\/\/owlpractice.ca\/fr\/partners-cacbt\/#breadcrumb","itemListElement":[{"@type":"ListItem","position":1,"name":"Home","item":"https:\/\/owlpractice.ca\/fr\/"},{"@type":"ListItem","position":2,"name":"CACBT"}]},{"@type":"WebSite","@id":"https:\/\/owlpractice.ca\/fr\/#website","url":"https:\/\/owlpractice.ca\/fr\/","name":"Chouette par Owl Practice","description":"Chouette vous aidera \u00e0 g\u00e9rer et croitre votre pratique, ainsi qu\u2019\u00e0 offrir la t\u00e9l\u00e9th\u00e9rapie.","publisher":{"@id":"https:\/\/owlpractice.ca\/fr\/#organization"},"potentialAction":[{"@type":"SearchAction","target":{"@type":"EntryPoint","urlTemplate":"https:\/\/owlpractice.ca\/fr\/?s={search_term_string}"},"query-input":{"@type":"PropertyValueSpecification","valueRequired":true,"valueName":"search_term_string"}}],"inLanguage":"fr-CA"},{"@type":"Organization","@id":"https:\/\/owlpractice.ca\/fr\/#organization","name":"Chouette par Owl Practice","url":"https:\/\/owlpractice.ca\/fr\/","logo":{"@type":"ImageObject","inLanguage":"fr-CA","@id":"https:\/\/owlpractice.ca\/fr\/#\/schema\/logo\/image\/","url":"https:\/\/owlpractice.ca\/fr\/wp-content\/uploads\/sites\/2\/2023\/04\/chouette_logo.png","contentUrl":"https:\/\/owlpractice.ca\/fr\/wp-content\/uploads\/sites\/2\/2023\/04\/chouette_logo.png","width":1424,"height":360,"caption":"Chouette par Owl Practice"},"image":{"@id":"https:\/\/owlpractice.ca\/fr\/#\/schema\/logo\/image\/"}}]}},"_links":{"self":[{"href":"https:\/\/owlpractice.ca\/fr\/wp-json\/wp\/v2\/pages\/4807","targetHints":{"allow":["GET"]}}],"collection":[{"href":"https:\/\/owlpractice.ca\/fr\/wp-json\/wp\/v2\/pages"}],"about":[{"href":"https:\/\/owlpractice.ca\/fr\/wp-json\/wp\/v2\/types\/page"}],"author":[{"embeddable":true,"href":"https:\/\/owlpractice.ca\/fr\/wp-json\/wp\/v2\/users\/8"}],"replies":[{"embeddable":true,"href":"https:\/\/owlpractice.ca\/fr\/wp-json\/wp\/v2\/comments?post=4807"}],"version-history":[{"count":0,"href":"https:\/\/owlpractice.ca\/fr\/wp-json\/wp\/v2\/pages\/4807\/revisions"}],"wp:attachment":[{"href":"https:\/\/owlpractice.ca\/fr\/wp-json\/wp\/v2\/media?parent=4807"}],"curies":[{"name":"wp","href":"https:\/\/api.w.org\/{rel}","templated":true}]}}